{"id":77,"date":"2015-10-07T07:10:48","date_gmt":"2015-10-07T07:10:48","guid":{"rendered":"https:\/\/konnektiv.de\/?page_id=77"},"modified":"2025-12-08T13:15:35","modified_gmt":"2025-12-08T12:15:35","slug":"impressum","status":"publish","type":"page","link":"https:\/\/konnektiv.de\/en\/impressum\/","title":{"rendered":"Legal Notice \/ Impressum"},"content":{"rendered":"\n<p><strong>IMPRESSUM<\/strong><\/p>\n\n\n\n<p>Angaben gem\u00e4\u00df \u00a7 5 TMG<\/p>\n\n\n\n<p>Konnektiv Kollektiv GmbH<br>Wilhelmine-Gemberg-Weg 14<br>D-10179 Berlin<\/p>\n\n\n\n<p><strong>Gesch\u00e4ftsf\u00fchrung:<\/strong><\/p>\n\n\n\n<p>Ren\u00e9 Schodder<\/p>\n\n\n\n<p><strong>Kontakt<\/strong><br>Tel.: +49 30 5770 576 20<br>Email: <a href=\"mailto:konnekt@konnektiv.de\">konnekt@konnektiv.de<\/a><br>Web: <a href=\"https:\/\/konnektiv.de\">https:\/\/konnektiv.de<\/a><\/p>\n\n\n\n<p>Datenschutzbeauftragter: <a href=\"mailto:datenschutz@konnektiv.de\">datenschutz@konnektiv.de<\/a><\/p>\n\n\n\n<p><strong>Registereintrag<\/strong><br>Eintragung im Handelsregister.<br>Registergericht: Amtsgericht Charlottenburg<br>Registernummer: HRB 181867 B<\/p>\n\n\n\n<p><strong>Umsatzsteuer-Identifikationsnummer<\/strong><br>Umsatzsteuer-Identifikationsnummer gem\u00e4\u00df \u00a727 a Umsatzsteuergesetz<br>DE 309 939 655<\/p>\n\n\n\n<p><strong>Wirtschafts-Identifikationsnummer<\/strong><br>DE309939655-00001<\/p>\n\n\n\n<p><strong>Credits<\/strong><br>Webdesign: Yana Vidysh, Jasmina Nimz<br>Portraits und Teamfoto: Roger von Herreman &amp; Lilli Nitsche<\/p>\n\n\n\n<p><strong>Haftungsausschluss<\/strong><br>Haftung f\u00fcr Inhalte<br>Die Inhalte unserer Seiten wurden mit gr\u00f6\u00dfter Sorgfalt erstellt. F\u00fcr die Richtigkeit, Vollst\u00e4ndigkeit und Aktualit\u00e4t der Inhalte k\u00f6nnen wir jedoch keine Gew\u00e4hr \u00fcbernehmen.<\/p>\n\n\n\n<p>Haftung f\u00fcr Links<br>Unser Angebot enth\u00e4lt Links zu externen Webseiten Dritter, auf deren Inhalte wir keinen Einfluss haben. Deshalb k\u00f6nnen wir f\u00fcr diese fremden Inhalte auch keine Gew\u00e4hr \u00fcbernehmen. F\u00fcr die Inhalte der verlinkten Seiten ist stets der jeweilige Anbieter oder Betreiber der Seiten verantwortlich. Die verlinkten Seiten wurden zum Zeitpunkt der Verlinkung auf m\u00f6gliche Rechtsverst\u00f6\u00dfe \u00fcberpr\u00fcft. Rechtswidrige Inhalte waren zum Zeitpunkt der Verlinkung nicht erkennbar. Eine permanente inhaltliche Kontrolle der verlinkten Seiten ist jedoch ohne konkrete Anhaltspunkte einer Rechtsverletzung nicht zumutbar. Bei Bekanntwerden von Rechtsverletzungen werden wir derartige Links umgehend entfernen.<\/p>\n\n\n\n<p>Urheberrecht<br>Die durch die Seitenbetreiber erstellten bzw. verwendeten Inhalte und Werke auf diesen Seiten unterliegen dem deutschen Urheberrecht. Die Vervielf\u00e4ltigung, Bearbeitung, Verbreitung und jede Art der Verwertung au\u00dferhalb der Grenzen des Urheberrechtes bed\u00fcrfen der Zustimmung des jeweiligen Autors bzw. Erstellers. Downloads und Kopien dieser Seite sind nur f\u00fcr den privaten, nicht kommerziellen Gebrauch gestattet. Soweit die Inhalte auf dieser Seite nicht vom Betreiber erstellt wurden, werden die Urheberrechte Dritter beachtet. Insbesondere werden Inhalte Dritter als solche gekennzeichnet. Sollten Sie trotzdem auf eine Urheberrechtsverletzung aufmerksam werden, bitten wir um einen entsprechenden Hinweis. Bei Bekanntwerden von Rechtsverletzungen werden wir derartige Inhalte umgehend entfernen.<\/p>\n\n\n\n<p><strong><a name=\"datenschutz\"><\/a>Datenschutzerkl\u00e4rung<\/strong><br>Die Nutzung unserer Webseite ist ohne Angabe personenbezogener Daten m\u00f6glich. Zur technischen Fehleranalyse werden die ersten 2 Stellen der IP-Adresse von der der Zugriff erfolgte in den Server-Logs gespeichert. Es erfolgt keine Weitergabe dieser Daten. Eine Auswertung erfolgt nur zur Analyse von technischen St\u00f6rungen.<\/p>\n\n\n\n<p>F\u00fcr R\u00fcckfragen wenden Sie sich bitte an unsere\/n Datenschutzbeauftragte\/n unter oben angegebener E-Mail-Adresse.<\/p>\n","protected":false},"excerpt":{"rendered":"<p>IMPRESSUM Angaben gem\u00e4\u00df \u00a7 5 TMG Konnektiv Kollektiv GmbHWilhelmine-Gemberg-Weg 14D-10179 Berlin Gesch\u00e4ftsf\u00fchrung: Ren\u00e9 Schodder KontaktTel.: +49 30 5770 576 20Email: konnekt@konnektiv.deWeb: https:\/\/konnektiv.de Datenschutzbeauftragter: datenschutz@konnektiv.de RegistereintragEintragung im Handelsregister.Registergericht: Amtsgericht CharlottenburgRegisternummer: HRB 181867 B Umsatzsteuer-IdentifikationsnummerUmsatzsteuer-Identifikationsnummer gem\u00e4\u00df \u00a727 a UmsatzsteuergesetzDE 309 939 655 Wirtschafts-IdentifikationsnummerDE309939655-00001 CreditsWebdesign: Yana Vidysh, Jasmina NimzPortraits und Teamfoto: Roger von Herreman &amp; Lilli Nitsche HaftungsausschlussHaftung [&hellip;]<\/p>\n","protected":false},"author":15,"featured_media":0,"parent":0,"menu_order":0,"comment_status":"closed","ping_status":"closed","template":"wp-custom-template-weitere-seiten-impressum-datenschutz","meta":{"_acf_changed":false,"footnotes":""},"class_list":["post-77","page","type-page","status-publish","hentry"],"acf":{"subtitle":""},"yoast_head":"<!-- This site is optimized with the Yoast SEO plugin v26.8 - https:\/\/yoast.com\/product\/yoast-seo-wordpress\/ -->\n<title>Legal Notice \/ Impressum - Konnektiv Kollektiv GmbH<\/title>\n<meta name=\"robots\" content=\"index, follow, max-snippet:-1, max-image-preview:large, max-video-preview:-1\" \/>\n<link rel=\"canonical\" href=\"https:\/\/konnektiv.de\/legal-notice-impressum\/\" \/>\n<meta property=\"og:locale\" content=\"en_US\" \/>\n<meta property=\"og:type\" content=\"article\" \/>\n<meta property=\"og:title\" content=\"Legal Notice \/ Impressum - Konnektiv Kollektiv GmbH\" \/>\n<meta property=\"og:description\" content=\"IMPRESSUM Angaben gem\u00e4\u00df \u00a7 5 TMG Konnektiv Kollektiv GmbHWilhelmine-Gemberg-Weg 14D-10179 Berlin Gesch\u00e4ftsf\u00fchrung: Ren\u00e9 Schodder KontaktTel.: +49 30 5770 576 20Email: konnekt@konnektiv.deWeb: https:\/\/konnektiv.de Datenschutzbeauftragter: datenschutz@konnektiv.de RegistereintragEintragung im Handelsregister.Registergericht: Amtsgericht CharlottenburgRegisternummer: HRB 181867 B Umsatzsteuer-IdentifikationsnummerUmsatzsteuer-Identifikationsnummer gem\u00e4\u00df \u00a727 a UmsatzsteuergesetzDE 309 939 655 Wirtschafts-IdentifikationsnummerDE309939655-00001 CreditsWebdesign: Yana Vidysh, Jasmina NimzPortraits und Teamfoto: Roger von Herreman &amp; Lilli Nitsche HaftungsausschlussHaftung [&hellip;]\" \/>\n<meta property=\"og:url\" content=\"https:\/\/konnektiv.de\/legal-notice-impressum\/\" \/>\n<meta property=\"og:site_name\" content=\"Konnektiv Kollektiv GmbH\" \/>\n<meta property=\"article:modified_time\" content=\"2025-12-08T12:15:35+00:00\" \/>\n<meta property=\"og:image\" content=\"https:\/\/konnektiv.de\/wp-content\/uploads\/2016\/10\/KONNEKTIEV-LOGO-MAIN.jpg\" \/>\n\t<meta property=\"og:image:width\" content=\"780\" \/>\n\t<meta property=\"og:image:height\" content=\"246\" \/>\n\t<meta property=\"og:image:type\" content=\"image\/jpeg\" \/>\n<meta name=\"twitter:card\" content=\"summary_large_image\" \/>\n<meta name=\"twitter:label1\" content=\"Est. reading time\" \/>\n\t<meta name=\"twitter:data1\" content=\"2 minutes\" \/>\n<script type=\"application\/ld+json\" class=\"yoast-schema-graph\">{\"@context\":\"https:\/\/schema.org\",\"@graph\":[{\"@type\":\"WebPage\",\"@id\":\"https:\/\/konnektiv.de\/legal-notice-impressum\/\",\"url\":\"https:\/\/konnektiv.de\/legal-notice-impressum\/\",\"name\":\"Legal Notice \/ Impressum - Konnektiv Kollektiv GmbH\",\"isPartOf\":{\"@id\":\"https:\/\/konnektiv.de\/#website\"},\"datePublished\":\"2015-10-07T07:10:48+00:00\",\"dateModified\":\"2025-12-08T12:15:35+00:00\",\"breadcrumb\":{\"@id\":\"https:\/\/konnektiv.de\/legal-notice-impressum\/#breadcrumb\"},\"inLanguage\":\"en-US\",\"potentialAction\":[{\"@type\":\"ReadAction\",\"target\":[\"https:\/\/konnektiv.de\/legal-notice-impressum\/\"]}]},{\"@type\":\"BreadcrumbList\",\"@id\":\"https:\/\/konnektiv.de\/legal-notice-impressum\/#breadcrumb\",\"itemListElement\":[{\"@type\":\"ListItem\",\"position\":1,\"name\":\"Home\",\"item\":\"https:\/\/konnektiv.de\/\"},{\"@type\":\"ListItem\",\"position\":2,\"name\":\"Legal Notice \/ Impressum\"}]},{\"@type\":\"WebSite\",\"@id\":\"https:\/\/konnektiv.de\/#website\",\"url\":\"https:\/\/konnektiv.de\/\",\"name\":\"Konnektiv Kollektiv GmbH\",\"description\":\"\",\"publisher\":{\"@id\":\"https:\/\/konnektiv.de\/#organization\"},\"potentialAction\":[{\"@type\":\"SearchAction\",\"target\":{\"@type\":\"EntryPoint\",\"urlTemplate\":\"https:\/\/konnektiv.de\/?s={search_term_string}\"},\"query-input\":{\"@type\":\"PropertyValueSpecification\",\"valueRequired\":true,\"valueName\":\"search_term_string\"}}],\"inLanguage\":\"en-US\"},{\"@type\":\"Organization\",\"@id\":\"https:\/\/konnektiv.de\/#organization\",\"name\":\"Konnektiv Kollektiv GmbH\",\"url\":\"https:\/\/konnektiv.de\/\",\"logo\":{\"@type\":\"ImageObject\",\"inLanguage\":\"en-US\",\"@id\":\"https:\/\/konnektiv.de\/#\/schema\/logo\/image\/\",\"url\":\"https:\/\/konnektiv.de\/wp-content\/uploads\/2024\/03\/konnektiv2.svg\",\"contentUrl\":\"https:\/\/konnektiv.de\/wp-content\/uploads\/2024\/03\/konnektiv2.svg\",\"caption\":\"Konnektiv Kollektiv GmbH\"},\"image\":{\"@id\":\"https:\/\/konnektiv.de\/#\/schema\/logo\/image\/\"}}]}<\/script>\n<!-- \/ Yoast SEO plugin. -->","yoast_head_json":{"title":"Legal Notice \/ Impressum - Konnektiv Kollektiv GmbH","robots":{"index":"index","follow":"follow","max-snippet":"max-snippet:-1","max-image-preview":"max-image-preview:large","max-video-preview":"max-video-preview:-1"},"canonical":"https:\/\/konnektiv.de\/legal-notice-impressum\/","og_locale":"en_US","og_type":"article","og_title":"Legal Notice \/ Impressum - Konnektiv Kollektiv GmbH","og_description":"IMPRESSUM Angaben gem\u00e4\u00df \u00a7 5 TMG Konnektiv Kollektiv GmbHWilhelmine-Gemberg-Weg 14D-10179 Berlin Gesch\u00e4ftsf\u00fchrung: Ren\u00e9 Schodder KontaktTel.: +49 30 5770 576 20Email: konnekt@konnektiv.deWeb: https:\/\/konnektiv.de Datenschutzbeauftragter: datenschutz@konnektiv.de RegistereintragEintragung im Handelsregister.Registergericht: Amtsgericht CharlottenburgRegisternummer: HRB 181867 B Umsatzsteuer-IdentifikationsnummerUmsatzsteuer-Identifikationsnummer gem\u00e4\u00df \u00a727 a UmsatzsteuergesetzDE 309 939 655 Wirtschafts-IdentifikationsnummerDE309939655-00001 CreditsWebdesign: Yana Vidysh, Jasmina NimzPortraits und Teamfoto: Roger von Herreman &amp; Lilli Nitsche HaftungsausschlussHaftung [&hellip;]","og_url":"https:\/\/konnektiv.de\/legal-notice-impressum\/","og_site_name":"Konnektiv Kollektiv GmbH","article_modified_time":"2025-12-08T12:15:35+00:00","og_image":[{"width":780,"height":246,"url":"https:\/\/konnektiv.de\/wp-content\/uploads\/2016\/10\/KONNEKTIEV-LOGO-MAIN.jpg","type":"image\/jpeg"}],"twitter_card":"summary_large_image","twitter_misc":{"Est. reading time":"2 minutes"},"schema":{"@context":"https:\/\/schema.org","@graph":[{"@type":"WebPage","@id":"https:\/\/konnektiv.de\/legal-notice-impressum\/","url":"https:\/\/konnektiv.de\/legal-notice-impressum\/","name":"Legal Notice \/ Impressum - Konnektiv Kollektiv GmbH","isPartOf":{"@id":"https:\/\/konnektiv.de\/#website"},"datePublished":"2015-10-07T07:10:48+00:00","dateModified":"2025-12-08T12:15:35+00:00","breadcrumb":{"@id":"https:\/\/konnektiv.de\/legal-notice-impressum\/#breadcrumb"},"inLanguage":"en-US","potentialAction":[{"@type":"ReadAction","target":["https:\/\/konnektiv.de\/legal-notice-impressum\/"]}]},{"@type":"BreadcrumbList","@id":"https:\/\/konnektiv.de\/legal-notice-impressum\/#breadcrumb","itemListElement":[{"@type":"ListItem","position":1,"name":"Home","item":"https:\/\/konnektiv.de\/"},{"@type":"ListItem","position":2,"name":"Legal Notice \/ Impressum"}]},{"@type":"WebSite","@id":"https:\/\/konnektiv.de\/#website","url":"https:\/\/konnektiv.de\/","name":"Konnektiv Kollektiv GmbH","description":"","publisher":{"@id":"https:\/\/konnektiv.de\/#organization"},"potentialAction":[{"@type":"SearchAction","target":{"@type":"EntryPoint","urlTemplate":"https:\/\/konnektiv.de\/?s={search_term_string}"},"query-input":{"@type":"PropertyValueSpecification","valueRequired":true,"valueName":"search_term_string"}}],"inLanguage":"en-US"},{"@type":"Organization","@id":"https:\/\/konnektiv.de\/#organization","name":"Konnektiv Kollektiv GmbH","url":"https:\/\/konnektiv.de\/","logo":{"@type":"ImageObject","inLanguage":"en-US","@id":"https:\/\/konnektiv.de\/#\/schema\/logo\/image\/","url":"https:\/\/konnektiv.de\/wp-content\/uploads\/2024\/03\/konnektiv2.svg","contentUrl":"https:\/\/konnektiv.de\/wp-content\/uploads\/2024\/03\/konnektiv2.svg","caption":"Konnektiv Kollektiv GmbH"},"image":{"@id":"https:\/\/konnektiv.de\/#\/schema\/logo\/image\/"}}]}},"_links":{"self":[{"href":"https:\/\/konnektiv.de\/en\/wp-json\/wp\/v2\/pages\/77","targetHints":{"allow":["GET"]}}],"collection":[{"href":"https:\/\/konnektiv.de\/en\/wp-json\/wp\/v2\/pages"}],"about":[{"href":"https:\/\/konnektiv.de\/en\/wp-json\/wp\/v2\/types\/page"}],"author":[{"embeddable":true,"href":"https:\/\/konnektiv.de\/en\/wp-json\/wp\/v2\/users\/15"}],"replies":[{"embeddable":true,"href":"https:\/\/konnektiv.de\/en\/wp-json\/wp\/v2\/comments?post=77"}],"version-history":[{"count":25,"href":"https:\/\/konnektiv.de\/en\/wp-json\/wp\/v2\/pages\/77\/revisions"}],"predecessor-version":[{"id":53636,"href":"https:\/\/konnektiv.de\/en\/wp-json\/wp\/v2\/pages\/77\/revisions\/53636"}],"wp:attachment":[{"href":"https:\/\/konnektiv.de\/en\/wp-json\/wp\/v2\/media?parent=77"}],"curies":[{"name":"wp","href":"https:\/\/api.w.org\/{rel}","templated":true}]}}