{"id":7130,"date":"2023-03-02T10:55:06","date_gmt":"2023-03-02T10:55:06","guid":{"rendered":"https:\/\/konnektiv.de\/?page_id=7130"},"modified":"2025-10-17T12:52:09","modified_gmt":"2025-10-17T10:52:09","slug":"datenschutz","status":"publish","type":"page","link":"https:\/\/konnektiv.de\/en\/datenschutz\/","title":{"rendered":"Datenschutzerkl\u00e4rung (Privacy Policy)"},"content":{"rendered":"\n<h1 class=\"wp-block-heading\">Datenschutzerkl\u00e4rung (Privacy Policy)<\/h1>\n\n\n\n<p>Informationspflicht bei Erhebung von personenbezogenen Daten gem\u00e4\u00df Art. 13 DS\u00ad-GVO<\/p>\n\n\n\n<h2 class=\"wp-block-heading\">Angaben zum Unternehmen<\/h2>\n\n\n\n<p>Konnektiv Kollektiv GmbH<br>Wilhelmine-Gemberg-Weg 14<br>D-10179 Berlin<\/p>\n\n\n\n<h2 class=\"wp-block-heading\">Datenschutzbeauftragte<\/h2>\n\n\n\n<p>Bei Fragen zum Datenschutz steht Ihnen unsere Datenschutzbeauftragte unter datenschutz@konnektiv.de oder unter der oben angegebenen postalischen Anschrift mit dem Zusatz &#8220;Datenschutzbeauftragte&#8221; zur Verf\u00fcgung.<\/p>\n\n\n\n<h2 class=\"wp-block-heading\">Verarbeitung Ihrer personenbezogenen Daten \u2013 Zwecke und Rechtsgrundlagen<\/h2>\n\n\n\n<h3 class=\"wp-block-heading\">Datenverarbeitung auf unserer Webseite<\/h3>\n\n\n\n<h4 class=\"wp-block-heading\">Logfiles<\/h4>\n\n\n\n<p>Bei Aufruf unserer Webseite werden nur Zugriffsdaten, keine personenbezogenen Daten (z.B. IP-Adressen) gespeichert.<\/p>\n\n\n\n<h4 class=\"wp-block-heading\">Newsletter<\/h4>\n\n\n\n<p>Wenn Sie auf unserer Webseite den Newsletter abonniert haben, verwenden wir Ihre E-Mail-Adresse, um Ihnen regelm\u00e4\u00dfig den Newsletter zuzusenden und Sie mit Wissenswertem \u00fcber unser Unternehmen zu versorgen. Die Rechtsgrundlage f\u00fcr den Newsletter-Versand ist Ihre Einwilligung (Artikel 6 Absatz 1 Satz 1 a) DS-GVO). Die Einwilligung k\u00f6nnen Sie jederzeit widerrufen, um den Newsletter nicht weiter zu bekommen. Dazu k\u00f6nnen Sie unten in der Newsletter-E-Mail auf \u201eabbestellen\u201c oder \u201eunsubscribe\u201c klicken. Oder Sie schreiben uns an datenschutz@konnektiv.de oder per Post. F\u00fcr den Versand des Newsletters verwenden wir das Plugin Mailpoet. Im Newsletter befinden sich Links auf Artikel unserer Webseite. Hier speichern wir wie h\u00e4ufig \u00fcber den Newsletter auf die Artikel zugegriffen wurde.<\/p>\n\n\n\n<h3 class=\"wp-block-heading\">Datenverarbeitung bei Konnektiv<\/h3>\n\n\n\n<p>Wir verarbeiten personenbezogene Daten auf Grundlage von datenschutzrechtlichen Regelungen der Datenschutz-Grundverordnung (DS-GVO) sowie des Bundesdatenschutzgesetzgesetzes (BDSG) und ggf. den Landesdatenschutzgesetzen der einzelnen Bundesl\u00e4nder. Die Daten der folgenden Personengruppen werden von den jeweils zust\u00e4ndigen Personen im Unternehmen zur Aufgabenerf\u00fcllung verarbeitet.<\/p>\n\n\n\n<p>Im Einzelnen bedeutet dies:<\/p>\n\n\n\n<ul class=\"wp-block-list\">\n<li>Kund*innendaten werden zur Durchf\u00fchrung und Betreuung des Vertragsverh\u00e4ltnisses oder dem vorvertraglichen Verh\u00e4ltnis sowie von Kontaktanfragen und zur Kommunikation auf Grundlage von Art. 6 Abs. 1 S. 1 Buchstabe b) DS-GVO und Art. 6 Abs. 1 S. 1 Buchstabe c) DS-GVO verarbeitet.<\/li>\n\n\n\n<li>personenbezogene Daten unserer Lieferanten und Dienstleister sowie derer Besch\u00e4ftigten werden zur Anbahnung und Durchf\u00fchrung unserer Vertragsbeziehungen auf Grundlage von Art. 6 Abs. 1 S. 1 Buchstabe b) DS-GVO und Art. 6 Abs. 1 S. 1 Buchstabe c) DS-GVO verarbeitet.<\/li>\n\n\n\n<li>Besch\u00e4ftigtendaten werden f\u00fcr die Begr\u00fcndung, Durchf\u00fchrung und Beendigung von Besch\u00e4ftigungsverh\u00e4ltnissen gespeichert (Art. 88 DS-GVO, \u00a7 26 BDSG).<\/li>\n\n\n\n<li>Bewerber*innendaten werden f\u00fcr die Durchf\u00fchrung des Bewerbungsverfahrens und die Entscheidung \u00fcber die Begr\u00fcndung eines Besch\u00e4ftigungsverh\u00e4ltnissen gespeichert (Art. 88 DS-GVO, \u00a7 26 BDSG). Unterlagen erfolgloser Bewerber*innen werden vier Monate nach Ende des Bewerbungsverfahrens gel\u00f6scht.<\/li>\n<\/ul>\n\n\n\n<h2 class=\"wp-block-heading\">Speicherdauer<\/h2>\n\n\n\n<p>Die von uns gespeicherten personenbezogenen Daten werden nach Ma\u00dfgabe von gesetzlichen Vorgaben gel\u00f6scht. Wir l\u00f6schen die Daten, sobald sie f\u00fcr den Verarbeitungszweck nicht mehr erforderlich sind, eine gegebene Einwilligung widerrufen wird oder sonstige Erlaubnisse entfallen.<br>Daten, die z.&nbsp;B. aus handels- oder steuerrechtlichen Gr\u00fcnden noch aufbewahrt werden m\u00fcssen oder deren Speicherung noch f\u00fcr die Geltendmachung, Aus\u00fcbung oder Verteidigung von Rechtsanspr\u00fcchen erforderlich ist, werden gel\u00f6scht, sobald dies nicht mehr der Fall ist.<\/p>\n\n\n\n<p>Die E-Mail-Adresse, die Sie f\u00fcr den Versand des Newsletters angegeben haben, wird gel\u00f6scht, sobald Sie Ihre Einwilligung in den Newsletter widerrufen, es sei denn, dass diese E-Mail-Adresse auch f\u00fcr andere Kommunikation als zum Newsletter-Versand zwischen dem Unternehmen und Ihnen verwendet wird.<\/p>\n\n\n\n<h2 class=\"wp-block-heading\">Betroffenenrechte<\/h2>\n\n\n\n<p>Wenn wir personenbezogene Daten von Ihnen verarbeiten, haben Sie folgende Betroffenenrechte:<\/p>\n\n\n\n<ul class=\"wp-block-list\">\n<li>ein Recht auf Auskunft \u00fcber die verarbeiteten Daten und auf Kopie,<\/li>\n\n\n\n<li>ein Berichtigungsrecht, wenn wir falsche Daten \u00fcber Sie verarbeiten,<\/li>\n\n\n\n<li>ein Recht auf L\u00f6schung, es sei denn, dass noch Ausnahmen greifen, warum wir die Daten noch speichern, also zum Beispiel Aufbewahrungspflichten oder Verj\u00e4hrungsfristen,<\/li>\n\n\n\n<li>ein Recht auf Einschr\u00e4nkung der Verarbeitung,<\/li>\n\n\n\n<li>ein jederzeitiges Recht, Einwilligungen in die Datenverarbeitung zu widerrufen,<\/li>\n\n\n\n<li>ein Widerspruchsrecht gegen eine Verarbeitung im \u00f6ffentlichen oder bei berechtigtem Interesse,<\/li>\n\n\n\n<li>ein Recht auf Daten\u00fcbertragbarkeit,<\/li>\n\n\n\n<li>ein Beschwerderecht bei einer Datenschutz-Aufsichtsbeh\u00f6rde, wenn Sie finden, dass wir Ihre Daten nicht ordnungsgem\u00e4\u00df verarbeiten. F\u00fcr unser Unternehmen ist die <a href=\"https:\/\/www.datenschutz-berlin.de\/\">Berliner Beauftragte f\u00fcr Datenschutz und Informationsfreiheit<\/a> zust\u00e4ndig. Wenn Sie sich in einem anderen Bundesland oder nicht in Deutschland aufhalten, k\u00f6nnen Sie sich aber auch an die dortige Datenschutzbeh\u00f6rde wenden.<\/li>\n<\/ul>\n\n\n\n<p>Stand: April 2024<\/p>\n\n\n\n<div style=\"height:100px\" aria-hidden=\"true\" class=\"wp-block-spacer\"><\/div>\n","protected":false},"excerpt":{"rendered":"<p>Datenschutzerkl\u00e4rung (Privacy Policy) Informationspflicht bei Erhebung von personenbezogenen Daten gem\u00e4\u00df Art. 13 DS\u00ad-GVO Angaben zum Unternehmen Konnektiv Kollektiv GmbHWilhelmine-Gemberg-Weg 14D-10179 Berlin Datenschutzbeauftragte Bei Fragen zum Datenschutz steht Ihnen unsere Datenschutzbeauftragte unter datenschutz@konnektiv.de oder unter der oben angegebenen postalischen Anschrift mit dem Zusatz &#8220;Datenschutzbeauftragte&#8221; zur Verf\u00fcgung. Verarbeitung Ihrer personenbezogenen Daten \u2013 Zwecke und Rechtsgrundlagen Datenverarbeitung auf [&hellip;]<\/p>\n","protected":false},"author":3,"featured_media":0,"parent":0,"menu_order":0,"comment_status":"closed","ping_status":"closed","template":"wp-custom-template-weitere-seiten-impressum-datenschutz","meta":{"_acf_changed":false,"footnotes":""},"class_list":["post-7130","page","type-page","status-publish","hentry"],"acf":{"subtitle":""},"yoast_head":"<!-- This site is optimized with the Yoast SEO plugin v26.8 - https:\/\/yoast.com\/product\/yoast-seo-wordpress\/ -->\n<title>Datenschutzerkl\u00e4rung (Privacy Policy) - Konnektiv Kollektiv GmbH<\/title>\n<meta name=\"robots\" content=\"index, follow, max-snippet:-1, max-image-preview:large, max-video-preview:-1\" \/>\n<link rel=\"canonical\" href=\"https:\/\/konnektiv.de\/datenschutzerklaerung-privacy-policy\/\" \/>\n<meta property=\"og:locale\" content=\"en_US\" \/>\n<meta property=\"og:type\" content=\"article\" \/>\n<meta property=\"og:title\" content=\"Datenschutzerkl\u00e4rung (Privacy Policy) - Konnektiv Kollektiv GmbH\" \/>\n<meta property=\"og:description\" content=\"Datenschutzerkl\u00e4rung (Privacy Policy) Informationspflicht bei Erhebung von personenbezogenen Daten gem\u00e4\u00df Art. 13 DS\u00ad-GVO Angaben zum Unternehmen Konnektiv Kollektiv GmbHWilhelmine-Gemberg-Weg 14D-10179 Berlin Datenschutzbeauftragte Bei Fragen zum Datenschutz steht Ihnen unsere Datenschutzbeauftragte unter datenschutz@konnektiv.de oder unter der oben angegebenen postalischen Anschrift mit dem Zusatz &#8220;Datenschutzbeauftragte&#8221; zur Verf\u00fcgung. Verarbeitung Ihrer personenbezogenen Daten \u2013 Zwecke und Rechtsgrundlagen Datenverarbeitung auf [&hellip;]\" \/>\n<meta property=\"og:url\" content=\"https:\/\/konnektiv.de\/datenschutzerklaerung-privacy-policy\/\" \/>\n<meta property=\"og:site_name\" content=\"Konnektiv Kollektiv GmbH\" \/>\n<meta property=\"article:modified_time\" content=\"2025-10-17T10:52:09+00:00\" \/>\n<meta property=\"og:image\" content=\"https:\/\/konnektiv.de\/wp-content\/uploads\/2016\/10\/KONNEKTIEV-LOGO-MAIN.jpg\" \/>\n\t<meta property=\"og:image:width\" content=\"780\" \/>\n\t<meta property=\"og:image:height\" content=\"246\" \/>\n\t<meta property=\"og:image:type\" content=\"image\/jpeg\" \/>\n<meta name=\"twitter:card\" content=\"summary_large_image\" \/>\n<meta name=\"twitter:label1\" content=\"Est. reading time\" \/>\n\t<meta name=\"twitter:data1\" content=\"3 minutes\" \/>\n<script type=\"application\/ld+json\" class=\"yoast-schema-graph\">{\"@context\":\"https:\/\/schema.org\",\"@graph\":[{\"@type\":\"WebPage\",\"@id\":\"https:\/\/konnektiv.de\/datenschutzerklaerung-privacy-policy\/\",\"url\":\"https:\/\/konnektiv.de\/datenschutzerklaerung-privacy-policy\/\",\"name\":\"Datenschutzerkl\u00e4rung (Privacy Policy) - Konnektiv Kollektiv GmbH\",\"isPartOf\":{\"@id\":\"https:\/\/konnektiv.de\/#website\"},\"datePublished\":\"2023-03-02T10:55:06+00:00\",\"dateModified\":\"2025-10-17T10:52:09+00:00\",\"breadcrumb\":{\"@id\":\"https:\/\/konnektiv.de\/datenschutzerklaerung-privacy-policy\/#breadcrumb\"},\"inLanguage\":\"en-US\",\"potentialAction\":[{\"@type\":\"ReadAction\",\"target\":[\"https:\/\/konnektiv.de\/datenschutzerklaerung-privacy-policy\/\"]}]},{\"@type\":\"BreadcrumbList\",\"@id\":\"https:\/\/konnektiv.de\/datenschutzerklaerung-privacy-policy\/#breadcrumb\",\"itemListElement\":[{\"@type\":\"ListItem\",\"position\":1,\"name\":\"Home\",\"item\":\"https:\/\/konnektiv.de\/\"},{\"@type\":\"ListItem\",\"position\":2,\"name\":\"Datenschutzerkl\u00e4rung (Privacy Policy)\"}]},{\"@type\":\"WebSite\",\"@id\":\"https:\/\/konnektiv.de\/#website\",\"url\":\"https:\/\/konnektiv.de\/\",\"name\":\"Konnektiv Kollektiv GmbH\",\"description\":\"\",\"publisher\":{\"@id\":\"https:\/\/konnektiv.de\/#organization\"},\"potentialAction\":[{\"@type\":\"SearchAction\",\"target\":{\"@type\":\"EntryPoint\",\"urlTemplate\":\"https:\/\/konnektiv.de\/?s={search_term_string}\"},\"query-input\":{\"@type\":\"PropertyValueSpecification\",\"valueRequired\":true,\"valueName\":\"search_term_string\"}}],\"inLanguage\":\"en-US\"},{\"@type\":\"Organization\",\"@id\":\"https:\/\/konnektiv.de\/#organization\",\"name\":\"Konnektiv Kollektiv GmbH\",\"url\":\"https:\/\/konnektiv.de\/\",\"logo\":{\"@type\":\"ImageObject\",\"inLanguage\":\"en-US\",\"@id\":\"https:\/\/konnektiv.de\/#\/schema\/logo\/image\/\",\"url\":\"https:\/\/konnektiv.de\/wp-content\/uploads\/2024\/03\/konnektiv2.svg\",\"contentUrl\":\"https:\/\/konnektiv.de\/wp-content\/uploads\/2024\/03\/konnektiv2.svg\",\"caption\":\"Konnektiv Kollektiv GmbH\"},\"image\":{\"@id\":\"https:\/\/konnektiv.de\/#\/schema\/logo\/image\/\"}}]}<\/script>\n<!-- \/ Yoast SEO plugin. -->","yoast_head_json":{"title":"Datenschutzerkl\u00e4rung (Privacy Policy) - Konnektiv Kollektiv GmbH","robots":{"index":"index","follow":"follow","max-snippet":"max-snippet:-1","max-image-preview":"max-image-preview:large","max-video-preview":"max-video-preview:-1"},"canonical":"https:\/\/konnektiv.de\/datenschutzerklaerung-privacy-policy\/","og_locale":"en_US","og_type":"article","og_title":"Datenschutzerkl\u00e4rung (Privacy Policy) - Konnektiv Kollektiv GmbH","og_description":"Datenschutzerkl\u00e4rung (Privacy Policy) Informationspflicht bei Erhebung von personenbezogenen Daten gem\u00e4\u00df Art. 13 DS\u00ad-GVO Angaben zum Unternehmen Konnektiv Kollektiv GmbHWilhelmine-Gemberg-Weg 14D-10179 Berlin Datenschutzbeauftragte Bei Fragen zum Datenschutz steht Ihnen unsere Datenschutzbeauftragte unter datenschutz@konnektiv.de oder unter der oben angegebenen postalischen Anschrift mit dem Zusatz &#8220;Datenschutzbeauftragte&#8221; zur Verf\u00fcgung. Verarbeitung Ihrer personenbezogenen Daten \u2013 Zwecke und Rechtsgrundlagen Datenverarbeitung auf [&hellip;]","og_url":"https:\/\/konnektiv.de\/datenschutzerklaerung-privacy-policy\/","og_site_name":"Konnektiv Kollektiv GmbH","article_modified_time":"2025-10-17T10:52:09+00:00","og_image":[{"width":780,"height":246,"url":"https:\/\/konnektiv.de\/wp-content\/uploads\/2016\/10\/KONNEKTIEV-LOGO-MAIN.jpg","type":"image\/jpeg"}],"twitter_card":"summary_large_image","twitter_misc":{"Est. reading time":"3 minutes"},"schema":{"@context":"https:\/\/schema.org","@graph":[{"@type":"WebPage","@id":"https:\/\/konnektiv.de\/datenschutzerklaerung-privacy-policy\/","url":"https:\/\/konnektiv.de\/datenschutzerklaerung-privacy-policy\/","name":"Datenschutzerkl\u00e4rung (Privacy Policy) - Konnektiv Kollektiv GmbH","isPartOf":{"@id":"https:\/\/konnektiv.de\/#website"},"datePublished":"2023-03-02T10:55:06+00:00","dateModified":"2025-10-17T10:52:09+00:00","breadcrumb":{"@id":"https:\/\/konnektiv.de\/datenschutzerklaerung-privacy-policy\/#breadcrumb"},"inLanguage":"en-US","potentialAction":[{"@type":"ReadAction","target":["https:\/\/konnektiv.de\/datenschutzerklaerung-privacy-policy\/"]}]},{"@type":"BreadcrumbList","@id":"https:\/\/konnektiv.de\/datenschutzerklaerung-privacy-policy\/#breadcrumb","itemListElement":[{"@type":"ListItem","position":1,"name":"Home","item":"https:\/\/konnektiv.de\/"},{"@type":"ListItem","position":2,"name":"Datenschutzerkl\u00e4rung (Privacy Policy)"}]},{"@type":"WebSite","@id":"https:\/\/konnektiv.de\/#website","url":"https:\/\/konnektiv.de\/","name":"Konnektiv Kollektiv GmbH","description":"","publisher":{"@id":"https:\/\/konnektiv.de\/#organization"},"potentialAction":[{"@type":"SearchAction","target":{"@type":"EntryPoint","urlTemplate":"https:\/\/konnektiv.de\/?s={search_term_string}"},"query-input":{"@type":"PropertyValueSpecification","valueRequired":true,"valueName":"search_term_string"}}],"inLanguage":"en-US"},{"@type":"Organization","@id":"https:\/\/konnektiv.de\/#organization","name":"Konnektiv Kollektiv GmbH","url":"https:\/\/konnektiv.de\/","logo":{"@type":"ImageObject","inLanguage":"en-US","@id":"https:\/\/konnektiv.de\/#\/schema\/logo\/image\/","url":"https:\/\/konnektiv.de\/wp-content\/uploads\/2024\/03\/konnektiv2.svg","contentUrl":"https:\/\/konnektiv.de\/wp-content\/uploads\/2024\/03\/konnektiv2.svg","caption":"Konnektiv Kollektiv GmbH"},"image":{"@id":"https:\/\/konnektiv.de\/#\/schema\/logo\/image\/"}}]}},"_links":{"self":[{"href":"https:\/\/konnektiv.de\/en\/wp-json\/wp\/v2\/pages\/7130","targetHints":{"allow":["GET"]}}],"collection":[{"href":"https:\/\/konnektiv.de\/en\/wp-json\/wp\/v2\/pages"}],"about":[{"href":"https:\/\/konnektiv.de\/en\/wp-json\/wp\/v2\/types\/page"}],"author":[{"embeddable":true,"href":"https:\/\/konnektiv.de\/en\/wp-json\/wp\/v2\/users\/3"}],"replies":[{"embeddable":true,"href":"https:\/\/konnektiv.de\/en\/wp-json\/wp\/v2\/comments?post=7130"}],"version-history":[{"count":4,"href":"https:\/\/konnektiv.de\/en\/wp-json\/wp\/v2\/pages\/7130\/revisions"}],"predecessor-version":[{"id":8475,"href":"https:\/\/konnektiv.de\/en\/wp-json\/wp\/v2\/pages\/7130\/revisions\/8475"}],"wp:attachment":[{"href":"https:\/\/konnektiv.de\/en\/wp-json\/wp\/v2\/media?parent=7130"}],"curies":[{"name":"wp","href":"https:\/\/api.w.org\/{rel}","templated":true}]}}